{"id":3161,"date":"2025-05-22T17:16:12","date_gmt":"2025-05-22T17:16:12","guid":{"rendered":"https:\/\/securmax.com\/privacy-policy\/"},"modified":"2025-05-31T16:44:05","modified_gmt":"2025-05-31T16:44:05","slug":"privacy-policy","status":"publish","type":"page","link":"https:\/\/securmax.com\/en\/privacy-policy\/","title":{"rendered":"Privacy policy"},"content":{"rendered":"\n<p><strong>Derni\u00e8re mise \u00e0 jour mai 2025<\/strong><\/p>\n\n\n\n<h3 class=\"wp-block-heading\">\u00a0Merci de visiter notre site Web de Securmax<\/h3>\n\n\n\n<p>Nous respectons votre vie priv\u00e9e et nous nous engageons \u00e0 la prot\u00e9ger \u00e0 travers notre conformit\u00e9 \u00e0 cette politique.<\/p>\n\n\n\n<p>Cette politique d\u00e9crit les types d\u2019informations que nous pouvons collecter aupr\u00e8s de vous ou que vous pouvez nous fournir lorsque vous visitez ce Site et nos pratiques en mati\u00e8re de collecte, d\u2019utilisation, de maintien, de protection et de divulgation de ces informations.<\/p>\n\n\n\n<p><strong>Information que nous collectons<\/strong><\/p>\n\n\n\n<p>Lorsque vous naviguez sur notre Site, nous pouvons collecter des informations personnelles que vous fournissez volontairement, y compris votre nom, adresse, adresse e-mail, num\u00e9ro de t\u00e9l\u00e9phone et autres informations de contact.<\/p>\n\n\n\n<p>Nous pouvons \u00e9galement collecter des informations non personnelles sur votre interaction avec notre Site, telles que les pages que vous visitez, les liens sur lesquels vous cliquez et d\u2019autres actions effectu\u00e9es sur notre Site.<\/p>\n\n\n\n<p><strong>Comment nous utilisons vos informations<\/strong><\/p>\n\n\n\n<p>Nous utilisons les informations que nous collectons pour :<\/p>\n\n\n\n<p>G\u00e9rer et am\u00e9liorer notre Site.<\/p>\n\n\n\n<p>Vous fournir les informations, produits ou services que vous nous demandez.<\/p>\n\n\n\n<p>Communiquer avec vous sur les promotions, les nouvelles fonctionnalit\u00e9s ou les services.<\/p>\n\n\n\n<p>R\u00e9pondre \u00e0 vos demandes de service \u00e0 la client\u00e8le.<\/p>\n\n\n\n<p><strong>Partage de vos informations<\/strong><\/p>\n\n\n\n<p>Nous ne vendons, n\u2019\u00e9changeons, ni ne transf\u00e9rons vos informations personnelles \u00e0 des tiers sans votre consentement, sauf pour fournir les produits ou services que vous avez demand\u00e9s, avec votre permission, ou selon ce qui est d\u00e9crit dans cette politique de confidentialit\u00e9.<\/p>\n\n\n\n<p><strong>S\u00e9curit\u00e9 de vos informations<\/strong><\/p>\n\n\n\n<p>Nous mettons en \u0153uvre une vari\u00e9t\u00e9 de mesures de s\u00e9curit\u00e9 pour pr\u00e9server la s\u00e9curit\u00e9 de vos informations personnelles. Nous utilisons des technologies de cryptage pour prot\u00e9ger les informations sensibles transmises en ligne.<\/p>\n\n\n\n<p><strong>Choix de l\u2019utilisateur<\/strong><\/p>\n\n\n\n<p>Si \u00e0 tout moment vous souhaitez vous d\u00e9sinscrire de la r\u00e9ception de futurs courriels, nous incluons des instructions de d\u00e9sinscription d\u00e9taill\u00e9es en bas de chaque courriel.<\/p>\n\n\n\n<p><strong>Modifications de cette politique de confidentialit\u00e9<\/strong><\/p>\n\n\n\n<h6 class=\"wp-block-heading\">Securmax se<strong> <\/strong>r\u00e9serve le droit de modifier cette politique de confidentialit\u00e9 \u00e0 tout moment. Si nous d\u00e9cidons de modifier notre politique de confidentialit\u00e9, nous publierons ces modifications sur cette page.<strong><\/strong><\/h6>\n\n\n\n<p><strong>Contactez-nous<\/strong><\/p>\n\n\n\n<p>Si vous avez des questions concernant cette politique de confidentialit\u00e9, vous pouvez nous contacter en utilisant les informations ci-dessous.<\/p>\n\n\n\n<p>Securmax<\/p>\n\n\n\n<p><strong>Bahija Saidani<\/strong><\/p>\n\n\n\n<p><strong>bsaidani@securmax.com<\/strong><\/p>\n\n\n\n<p>514-677-2283<\/p>\n\n\n\n<p>Merci de votre confiance. Nous sommes d\u00e9termin\u00e9s \u00e0 prot\u00e9ger votre vie priv\u00e9e et \u00e0 assurer la s\u00e9curit\u00e9 de vos informations.<\/p>\n","protected":false},"excerpt":{"rendered":"<p>Derni\u00e8re mise \u00e0 jour mai 2025 \u00a0Merci de visiter notre site Web de Securmax Nous respectons votre vie priv\u00e9e et [&hellip;]<\/p>\n","protected":false},"author":1,"featured_media":0,"parent":0,"menu_order":0,"comment_status":"closed","ping_status":"closed","template":"","meta":{"_acf_changed":false,"site-sidebar-layout":"default","site-content-layout":"","ast-site-content-layout":"default","site-content-style":"default","site-sidebar-style":"default","ast-global-header-display":"","ast-banner-title-visibility":"","ast-main-header-display":"","ast-hfb-above-header-display":"","ast-hfb-below-header-display":"","ast-hfb-mobile-header-display":"","site-post-title":"","ast-breadcrumbs-content":"","ast-featured-img":"","footer-sml-layout":"","ast-disable-related-posts":"","theme-transparent-header-meta":"","adv-header-id-meta":"","stick-header-meta":"","header-above-stick-meta":"","header-main-stick-meta":"","header-below-stick-meta":"","astra-migrate-meta-layouts":"default","ast-page-background-enabled":"default","ast-page-background-meta":{"desktop":{"background-color":"","background-image":"","background-repeat":"repeat","background-position":"center center","background-size":"auto","background-attachment":"scroll","background-type":"","background-media":"","overlay-type":"","overlay-color":"","overlay-opacity":"","overlay-gradient":""},"tablet":{"background-color":"","background-image":"","background-repeat":"repeat","background-position":"center center","background-size":"auto","background-attachment":"scroll","background-type":"","background-media":"","overlay-type":"","overlay-color":"","overlay-opacity":"","overlay-gradient":""},"mobile":{"background-color":"","background-image":"","background-repeat":"repeat","background-position":"center center","background-size":"auto","background-attachment":"scroll","background-type":"","background-media":"","overlay-type":"","overlay-color":"","overlay-opacity":"","overlay-gradient":""}},"ast-content-background-meta":{"desktop":{"background-color":"var(--ast-global-color-5)","background-image":"","background-repeat":"repeat","background-position":"center center","background-size":"auto","background-attachment":"scroll","background-type":"","background-media":"","overlay-type":"","overlay-color":"","overlay-opacity":"","overlay-gradient":""},"tablet":{"background-color":"var(--ast-global-color-5)","background-image":"","background-repeat":"repeat","background-position":"center center","background-size":"auto","background-attachment":"scroll","background-type":"","background-media":"","overlay-type":"","overlay-color":"","overlay-opacity":"","overlay-gradient":""},"mobile":{"background-color":"var(--ast-global-color-5)","background-image":"","background-repeat":"repeat","background-position":"center center","background-size":"auto","background-attachment":"scroll","background-type":"","background-media":"","overlay-type":"","overlay-color":"","overlay-opacity":"","overlay-gradient":""}},"footnotes":""},"class_list":["post-3161","page","type-page","status-publish","hentry"],"acf":[],"_links":{"self":[{"href":"https:\/\/securmax.com\/en\/wp-json\/wp\/v2\/pages\/3161","targetHints":{"allow":["GET"]}}],"collection":[{"href":"https:\/\/securmax.com\/en\/wp-json\/wp\/v2\/pages"}],"about":[{"href":"https:\/\/securmax.com\/en\/wp-json\/wp\/v2\/types\/page"}],"author":[{"embeddable":true,"href":"https:\/\/securmax.com\/en\/wp-json\/wp\/v2\/users\/1"}],"replies":[{"embeddable":true,"href":"https:\/\/securmax.com\/en\/wp-json\/wp\/v2\/comments?post=3161"}],"version-history":[{"count":1,"href":"https:\/\/securmax.com\/en\/wp-json\/wp\/v2\/pages\/3161\/revisions"}],"predecessor-version":[{"id":3170,"href":"https:\/\/securmax.com\/en\/wp-json\/wp\/v2\/pages\/3161\/revisions\/3170"}],"wp:attachment":[{"href":"https:\/\/securmax.com\/en\/wp-json\/wp\/v2\/media?parent=3161"}],"curies":[{"name":"wp","href":"https:\/\/api.w.org\/{rel}","templated":true}]}}